{"id":7204,"date":"2019-04-12T02:20:41","date_gmt":"2019-04-12T02:20:41","guid":{"rendered":"https:\/\/newhouse.cl\/home\/?page_id=7204"},"modified":"2019-04-12T02:36:08","modified_gmt":"2019-04-12T02:36:08","slug":"quienes-somos","status":"publish","type":"page","link":"https:\/\/newhouse.cl\/home\/quienes-somos\/","title":{"rendered":"Quienes Somos"},"content":{"rendered":"<p>[vc_row][vc_column]<div style=\"clear:both; width:100%; height:50px\"><\/div>[vc_column_text]<\/p>\n<h2 style=\"text-align: center;\">Qui\u00e9nes Somos?<\/h2>\n<p>[\/vc_column_text]<div style=\"clear:both; width:100%; height:20px\"><\/div>[vc_column_text]Aprendiendo de las malas y buenas experiencias en el mundo del corretaje de propiedades naci\u00f3 NewHouse Desarrollos Inmobiliarios, despu\u00e9s de varios a\u00f1os trabajando en grandes y prestigiosas empresas inmobiliarias, nos dimos cuenta de la necesidad de entregar un servicio personalizado a nuestros clientes, siempre priorizando la empat\u00eda, la \u00e9tica, profesionalismo y el conocimiento; capacit\u00e1ndonos constantemente en el \u00e1rea inmobiliaria y legal.[\/vc_column_text][vc_single_image image=\u00bb7022&#8243; img_size=\u00bbfull\u00bb alignment=\u00bbcenter\u00bb css_animation=\u00bbfadeInUp\u00bb]<div style=\"clear:both; width:100%; height:150px\"><\/div>[\/vc_column][\/vc_row]<\/p>\n","protected":false},"excerpt":{"rendered":"<p>[vc_row][vc_column][vc_column_text] Qui\u00e9nes Somos? [\/vc_column_text][vc_column_text]Aprendiendo de las malas y buenas experiencias en el mundo del corretaje de propiedades naci\u00f3 NewHouse Desarrollos Inmobiliarios, despu\u00e9s de varios a\u00f1os trabajando en grandes y prestigiosas empresas inmobiliarias, nos dimos cuenta de la necesidad de entregar un servicio personalizado a nuestros clientes, siempre priorizando la empat\u00eda, la \u00e9tica, profesionalismo y el [&hellip;]<\/p>\n","protected":false},"author":1,"featured_media":0,"parent":0,"menu_order":0,"comment_status":"closed","ping_status":"closed","template":"template\/template-homepage.php","meta":{"footnotes":""},"class_list":["post-7204","page","type-page","status-publish","hentry"],"_links":{"self":[{"href":"https:\/\/newhouse.cl\/home\/wp-json\/wp\/v2\/pages\/7204","targetHints":{"allow":["GET"]}}],"collection":[{"href":"https:\/\/newhouse.cl\/home\/wp-json\/wp\/v2\/pages"}],"about":[{"href":"https:\/\/newhouse.cl\/home\/wp-json\/wp\/v2\/types\/page"}],"author":[{"embeddable":true,"href":"https:\/\/newhouse.cl\/home\/wp-json\/wp\/v2\/users\/1"}],"replies":[{"embeddable":true,"href":"https:\/\/newhouse.cl\/home\/wp-json\/wp\/v2\/comments?post=7204"}],"version-history":[{"count":15,"href":"https:\/\/newhouse.cl\/home\/wp-json\/wp\/v2\/pages\/7204\/revisions"}],"predecessor-version":[{"id":7219,"href":"https:\/\/newhouse.cl\/home\/wp-json\/wp\/v2\/pages\/7204\/revisions\/7219"}],"wp:attachment":[{"href":"https:\/\/newhouse.cl\/home\/wp-json\/wp\/v2\/media?parent=7204"}],"curies":[{"name":"wp","href":"https:\/\/api.w.org\/{rel}","templated":true}]}}